{"id":291,"date":"2013-01-13T15:17:13","date_gmt":"2013-01-13T15:17:13","guid":{"rendered":"http:\/\/kleinwort.de\/?page_id=291"},"modified":"2013-01-16T16:53:07","modified_gmt":"2013-01-16T16:53:07","slug":"impressum","status":"publish","type":"page","link":"https:\/\/kleinwort.de\/?page_id=291","title":{"rendered":"Impressum"},"content":{"rendered":"<p>Hallo und herzlich Willkommen auf unserer privaten Reiseseite.<\/p>\n<p>Seid 1996 reisen wir unter dem Motto <strong>&#8222;der Weg ist das Ziel&#8220;<\/strong>\u00a0in der Welt herum und nat\u00fcrlich werden alle Reiserouten selbst ausgearbeitet,\u00a0 Fl\u00fcge, Hotelunterk\u00fcnfte, Camper und Nationalparks werden soweit erforderlich \u00fcber Internet gebucht und los geht es.<\/p>\n<p>Gruppenreisen, in der Touristenmasse mitschwimmen und an allen Aussichtspunkten anhalten und Fotos machen sind uns ein Greul, am liebsten reisen wir alleine durchs Land, lernen fremde Menschen und Kulturen kennen und genie\u00dfen die Natur bei ausgiebigen Wanderungen.<\/p>\n<p>Aber keine Angst wir machen auch hin und wieder einen Standard Urlaub, dann buchen wir eine Pauschalreise,\u00a0wohnen in einem sch\u00f6nen Hotel und\u00a0liegen auch mal am Pool oder am Strand, auch wenn wir diese Art von Urlaub nicht lange aushalten, betrachten wir das dann als Erholung von unseren &#8222;Weltreisen&#8220;.<\/p>\n<p>Aber nun genug des Vorgepl\u00e4nkels, ihr seid herzlich eingeladen, uns ein kleines St\u00fcck auf unseren Reisewegen zu begleiten.<\/p>\n<p>Viel Spa\u00df<br \/>\nVolker Kleinwort<\/p>\n<p><strong>Hier noch einige wichtige Anmerkungen und Erkl\u00e4rungen zu unseren Reiseseiten.<\/strong><\/p>\n<p>Die Daten der Domaindaten &gt;Kleinwort&lt; k\u00f6nnen hier eingesehen werden:<br \/>\n<a href=\"http:\/\/www.denic.de\/webwhois\/\"><span style=\"font-size: large;\">Domaindaten<\/span><\/a><\/p>\n<p>Die Seite dient ausschlie\u00dflich der Ver\u00f6ffentlichung privater\u00a0Reiseberichte und Reisefotos. Das Kopieren einzelner Berichte, Texte oder Fotos bedarf unserer Zustimmung.<\/p>\n<p>Das Landgericht Hamburg hat mit Urteil vom 12.05.1998 entschieden, dass man durch die Ausbringung eines Links die Inhalte der gelinkten Seite ggf. mit zu verantworten hat. Dies kann &#8211; so das LG &#8211; nur dadurch verhindert werden, dass man sich ausdr\u00fccklich von diesen Inhalten distanziert.<\/p>\n<p><strong>Wir haben auf unserer Web-Seite Links zu anderen Seiten im Internet gesetzt, f\u00fcr all diese Links gilt :<br \/>\nWir m\u00f6chten ausdr\u00fccklich betonen, dass wir keinerlei Einfluss auf die Gestaltung und die Inhalte der gelinkten Seiten haben. Deshalb distanzieren wir uns hiermit ausdr\u00fccklich von allen Inhalten aller gelinkten Seiten auf unserer gesamten Website inkl. aller Unterseiten.<br \/>\nDiese Erkl\u00e4rung gilt f\u00fcr alle auf unserer Webseite ausgebrachten Links und f\u00fcr alle Inhalte der Seiten, zu denen Links oder Banner f\u00fchren.<\/strong><br \/>\n<a href=\"http:\/\/www.disclaimer.de\/disclaimer.htm?farbe=990000\/c0c0c0\/000000\/000000\"><span style=\"font-size: large;\">Haftungsausschluss<\/span><\/a><\/p>\n","protected":false},"excerpt":{"rendered":"<p>Hallo und herzlich Willkommen auf unserer privaten Reiseseite. Seid 1996 reisen wir unter dem Motto &#8222;der Weg ist [&hellip;]<\/p>\n","protected":false},"author":1,"featured_media":0,"parent":0,"menu_order":0,"comment_status":"closed","ping_status":"closed","template":"","meta":{"ngg_post_thumbnail":0},"_links":{"self":[{"href":"https:\/\/kleinwort.de\/index.php?rest_route=\/wp\/v2\/pages\/291"}],"collection":[{"href":"https:\/\/kleinwort.de\/index.php?rest_route=\/wp\/v2\/pages"}],"about":[{"href":"https:\/\/kleinwort.de\/index.php?rest_route=\/wp\/v2\/types\/page"}],"author":[{"embeddable":true,"href":"https:\/\/kleinwort.de\/index.php?rest_route=\/wp\/v2\/users\/1"}],"replies":[{"embeddable":true,"href":"https:\/\/kleinwort.de\/index.php?rest_route=%2Fwp%2Fv2%2Fcomments&post=291"}],"version-history":[{"count":13,"href":"https:\/\/kleinwort.de\/index.php?rest_route=\/wp\/v2\/pages\/291\/revisions"}],"predecessor-version":[{"id":684,"href":"https:\/\/kleinwort.de\/index.php?rest_route=\/wp\/v2\/pages\/291\/revisions\/684"}],"wp:attachment":[{"href":"https:\/\/kleinwort.de\/index.php?rest_route=%2Fwp%2Fv2%2Fmedia&parent=291"}],"curies":[{"name":"wp","href":"https:\/\/api.w.org\/{rel}","templated":true}]}}